{"id":178,"date":"2017-12-05T19:32:53","date_gmt":"2017-12-05T18:32:53","guid":{"rendered":"https:\/\/erzgebirge.linksjugend-sachsen.de\/?page_id=178"},"modified":"2018-05-20T10:39:23","modified_gmt":"2018-05-20T08:39:23","slug":"wer-wir-sind","status":"publish","type":"page","link":"https:\/\/erzgebirge.linksjugend-sachsen.de\/index.php\/wer-wir-sind\/","title":{"rendered":"Wer wir sind"},"content":{"rendered":"<p>&nbsp;<\/p>\n<p><img loading=\"lazy\" decoding=\"async\" class=\"alignnone wp-image-291\" src=\"https:\/\/erzgebirge.linksjugend-sachsen.de\/wp-content\/uploads\/2018\/02\/Linksjugend-Startseiten-Bild-300x169.jpg\" alt=\"\" width=\"410\" height=\"231\" srcset=\"https:\/\/erzgebirge.linksjugend-sachsen.de\/wp-content\/uploads\/2018\/02\/Linksjugend-Startseiten-Bild-300x169.jpg 300w, https:\/\/erzgebirge.linksjugend-sachsen.de\/wp-content\/uploads\/2018\/02\/Linksjugend-Startseiten-Bild-768x432.jpg 768w, https:\/\/erzgebirge.linksjugend-sachsen.de\/wp-content\/uploads\/2018\/02\/Linksjugend-Startseiten-Bild-552x311.jpg 552w, https:\/\/erzgebirge.linksjugend-sachsen.de\/wp-content\/uploads\/2018\/02\/Linksjugend-Startseiten-Bild.jpg 960w\" sizes=\"auto, (max-width: 410px) 100vw, 410px\" \/><\/p>\n<p><span data-offset-key=\"61hc2-0-0\">Wir sehen uns als Plattform f\u00fcr linksorientierte Jugendliche und junge Genossen*innen aus der Partei Die Linke sich politisch zu engagieren. Wir sind ausdr\u00fccklich f\u00fcr all diese Leute offen, unabh\u00e4ngig ob sie bei irgendetwas Mitglied sind oder werden wollen. Die Linksjugend [&#8217;solid] Erzgebirge ist die Selbstorganisation junger linker Menschen im Erzgebirge. In Ihr wirken Mitglieder der Partei Die Linke.Erzgebirge, Sympathisant_innen des Jugendverbandes und der Partei, Mitglieder des Jugendverbandes Linksjugend [\u2019solid] sowie Partei- und Verbandsungebundene junge Linke demokratisch und gleichberechtigt f\u00fcr eine sozialistische Gesellschaft, in der die Freiheit eines jeden Bedingung f\u00fcr die Freiheit aller ist. <\/span><\/p>\n<p><span data-offset-key=\"61hc2-0-0\">Die Linksjugend [&#8217;solid] Erzgebirge ist ein sozialistischer, antifaschistischer, basisdemokratischer und feministischer Jugendverband. Er greift in die gesellschaftlichen Verh\u00e4ltnisse ein und ist Plattform f\u00fcr antikapitalistische und selbstbestimmte Politik. <\/span><\/p>\n<p><span data-offset-key=\"61hc2-0-0\">Wer sich mit unseren Werten Gr\u00f6\u00dftenteils identifizieren kann und unsere Grunds\u00e4tze, z.B. der Basisdemokratie und des Pluralismus achtet, ist herzlich eingeladen nach seinem\/ihrem Wollen und K\u00f6nnen in der Linksjugend [&#8217;solid] Erzgebirge mitzuwirken.<\/span><\/p>\n","protected":false},"excerpt":{"rendered":"<p class=\"post-excerpt\">&nbsp; Wir sehen uns als Plattform f\u00fcr linksorientierte Jugendliche und junge Genossen*innen aus der Partei Die Linke sich politisch zu&#8230;<\/p>\n","protected":false},"author":4,"featured_media":0,"parent":0,"menu_order":0,"comment_status":"closed","ping_status":"closed","template":"","meta":{"footnotes":""},"class_list":["post-178","page","type-page","status-publish","hentry"],"_links":{"self":[{"href":"https:\/\/erzgebirge.linksjugend-sachsen.de\/index.php\/wp-json\/wp\/v2\/pages\/178","targetHints":{"allow":["GET"]}}],"collection":[{"href":"https:\/\/erzgebirge.linksjugend-sachsen.de\/index.php\/wp-json\/wp\/v2\/pages"}],"about":[{"href":"https:\/\/erzgebirge.linksjugend-sachsen.de\/index.php\/wp-json\/wp\/v2\/types\/page"}],"author":[{"embeddable":true,"href":"https:\/\/erzgebirge.linksjugend-sachsen.de\/index.php\/wp-json\/wp\/v2\/users\/4"}],"replies":[{"embeddable":true,"href":"https:\/\/erzgebirge.linksjugend-sachsen.de\/index.php\/wp-json\/wp\/v2\/comments?post=178"}],"version-history":[{"count":7,"href":"https:\/\/erzgebirge.linksjugend-sachsen.de\/index.php\/wp-json\/wp\/v2\/pages\/178\/revisions"}],"predecessor-version":[{"id":491,"href":"https:\/\/erzgebirge.linksjugend-sachsen.de\/index.php\/wp-json\/wp\/v2\/pages\/178\/revisions\/491"}],"wp:attachment":[{"href":"https:\/\/erzgebirge.linksjugend-sachsen.de\/index.php\/wp-json\/wp\/v2\/media?parent=178"}],"curies":[{"name":"wp","href":"https:\/\/api.w.org\/{rel}","templated":true}]}}