{"id":505,"date":"2018-05-20T11:01:06","date_gmt":"2018-05-20T09:01:06","guid":{"rendered":"https:\/\/erzgebirge.linksjugend-sachsen.de\/?page_id=505"},"modified":"2018-10-03T01:46:14","modified_gmt":"2018-10-02T23:46:14","slug":"struktur","status":"publish","type":"page","link":"https:\/\/erzgebirge.linksjugend-sachsen.de\/index.php\/struktur\/","title":{"rendered":"Struktur"},"content":{"rendered":"<p>Organe des Kreisverbandes<\/p>\n<p>1. Kreisjugendplenum:<\/p>\n<p>Das Kreisjugendplenum (im folgenden KJP genannt) ist das h\u00f6chste Organ des Kreisverbandes und tritt mindestens einmal pro Halbjahr auf Beschluss des\/der Jugendkoordinators\/Jugendkoordinatorin oder Arbeitskreises \/ Zentralkomitees nach Absprache mit den Basisgruppen, zusammen. Sie ber\u00e4t und beschlie\u00dft \u00fcber die grundlegenden politischen, strukturellen und organisatorischen Fragen des Kreisverbandes.<\/p>\n<p>2. Arbeitskreis \/ Zentralkomitee<\/p>\n<p>Das Zentralkomitee der Linksjugend [\u2019solid] Erzgebirge ist immer quotiert zu w\u00e4hlen und der Bildung eines Arbeitskreises stets vorzuziehen.<br \/>\nDer Arbeitskreis bzw. das Zentralkomitee kann im Rahmen dieser Satzung dem\/der Jugendpolitischen Sprecher_in weitere Rechte \u00fcbertragen und diese wieder entziehen.<br \/>\nDas Zentralkomitee\/ Arbeitskreis ist das h\u00f6chste Organ des Jugendkreisverbandes zwischen den Kreisjugendplena.<br \/>\nDas Zentralkomitee \/ Arbeitskreis ist verantwortlich f\u00fcr die Presse- und \u00d6ffentlichkeitsarbeit, die Umsetzung der Beschl\u00fcsse der Kreisjugendplena, h\u00e4lt den Gesch\u00e4ftsbetrieb aufrecht, f\u00fchrt die Gesamtmitgliederdatei und koordiniert die Arbeit der Basisgruppen im Kreisverband.<\/p>\n<p>3. Finanzverantwortliche_r<\/p>\n<p>Die\/Der Finanzverantwortliche_r hat die Aufgabe den Haushalt des Jugendverbandes zu organisieren und Einnahmen und Ausgaben zu verwalten.<br \/>\nBei ungerechtfertigt hohen Ausgaben Seitens des Zentralkomitees \/ Arbeitskreises, dem KJP oder der Basisgruppen kann die\/der Finanzverantwortliche einen Ausgabenstopp verh\u00e4ngen. Der Ausgabenstopp kann durch das KJP mit einfacher Mehrheit, den\/der Finanzverantwortlichen selbst und durch den JuPo in Abstimmung mit dem\/der Finanzverantwortlichen wieder aufgehoben werden.<br \/>\nDie\/Der Finanzverantwortliche hat im Regelfall auf einen ausgeglichenen Haushalt zu achten.<br \/>\nEr\/Sie hat mindestens einmal pro Jahr Rechenschaft \u00fcber den Haushalt gegen\u00fcber dem KJP abzulegen. Er\/Sie kann Richtlinien zum Umgang mit Finanzen aufstellen. Diese bed\u00fcrfen grunds\u00e4tzlich der Zustimmung des KJP.<\/p>\n<p>4. Jugendpolitische\/r Sprecher\/in (JuPo)<\/p>\n<p>Der\/die Jugendpolitische\/r Sprecher_in (JuPo) ist Mitglied im Kreisvorstand der LINKEN Erzgebirge und Ansprechpartner_in f\u00fcr alle jugendpolitischen Belange. Diese Position gilt als Mittlerfunktion zwischen Jugendverband und Partei. Die Person wird f\u00fcr 2 Jahre gew\u00e4hlt. Der Jugendverband kann beim Kreisjugendplenum ein Votum f\u00fcr die Stelle des\/der Jugendpolitischen Sprecher_in abgeben.<\/p>\n","protected":false},"excerpt":{"rendered":"<p class=\"post-excerpt\">Organe des Kreisverbandes 1. Kreisjugendplenum: Das Kreisjugendplenum (im folgenden KJP genannt) ist das h\u00f6chste Organ des Kreisverbandes und tritt mindestens&#8230;<\/p>\n","protected":false},"author":4,"featured_media":0,"parent":0,"menu_order":0,"comment_status":"closed","ping_status":"closed","template":"","meta":{"footnotes":""},"class_list":["post-505","page","type-page","status-publish","hentry"],"_links":{"self":[{"href":"https:\/\/erzgebirge.linksjugend-sachsen.de\/index.php\/wp-json\/wp\/v2\/pages\/505","targetHints":{"allow":["GET"]}}],"collection":[{"href":"https:\/\/erzgebirge.linksjugend-sachsen.de\/index.php\/wp-json\/wp\/v2\/pages"}],"about":[{"href":"https:\/\/erzgebirge.linksjugend-sachsen.de\/index.php\/wp-json\/wp\/v2\/types\/page"}],"author":[{"embeddable":true,"href":"https:\/\/erzgebirge.linksjugend-sachsen.de\/index.php\/wp-json\/wp\/v2\/users\/4"}],"replies":[{"embeddable":true,"href":"https:\/\/erzgebirge.linksjugend-sachsen.de\/index.php\/wp-json\/wp\/v2\/comments?post=505"}],"version-history":[{"count":5,"href":"https:\/\/erzgebirge.linksjugend-sachsen.de\/index.php\/wp-json\/wp\/v2\/pages\/505\/revisions"}],"predecessor-version":[{"id":631,"href":"https:\/\/erzgebirge.linksjugend-sachsen.de\/index.php\/wp-json\/wp\/v2\/pages\/505\/revisions\/631"}],"wp:attachment":[{"href":"https:\/\/erzgebirge.linksjugend-sachsen.de\/index.php\/wp-json\/wp\/v2\/media?parent=505"}],"curies":[{"name":"wp","href":"https:\/\/api.w.org\/{rel}","templated":true}]}}